{"id":62,"date":"2017-11-02T18:09:18","date_gmt":"2017-11-02T17:09:18","guid":{"rendered":"http:\/\/hammerseezauber.de\/?page_id=62"},"modified":"2017-11-02T18:12:13","modified_gmt":"2017-11-02T17:12:13","slug":"datenschutz","status":"publish","type":"page","link":"http:\/\/hammerseezauber.de\/?page_id=62","title":{"rendered":"Datenschutz"},"content":{"rendered":"<h6>Datenschutzerkl\u00e4rung<\/h6>\n<p>Wenn Sie dieses Webangebot nutzen, werden durch den im Impressum genannten verantwortlichen Anbieter personenbezogene Daten erhoben, gespeichert und genutzt. Eventuell werden Sie um die Angabe pers\u00f6nlicher Informationen gebeten. Die Beantwortung dieser Fragen ist freiwillig. Manche Dienste (wie beispielsweise die Erinnerung an oder Ihre Anmeldung f\u00fcr eine Veranstaltung) k\u00f6nnen nur genutzt werden, wenn Sie pers\u00f6nliche Daten \u00fcbermitteln. Sofern Sie pers\u00f6nliche Daten, wie Ihren Namen, Ihre E-Mailadresse oder andere Kontaktdaten in einem Kontaktformular \u00fcbermitteln, wird versichert, dass diese nur entsprechend den geltenden Datenschutzbestimmungen gespeichert und verarbeitet werden. Ihre Daten werden nicht an Dritte weitergegeben und grunds\u00e4tzlich nur zum Zwecke der individuellen Kommunikation mit Ihnen, insbesondere zur Bearbeitung Ihrer Anfragen, genutzt.<\/p>\n<h6>Zugriffsdaten\/ Server-Logfiles<\/h6>\n<p>Um den Betrieb der Websites statistisch auswerten zu k\u00f6nnen, werden \u00fcber jeden Zugriff auf das Angebot Zugriffsdaten (so genannte Serverlogfiles) gespeichert, wie der Name der aufgerufenen Webseite sowie das Datum des Aufrufs. Unter anderem wird auch der von Ihnen verwendete Browsertyp und das Betriebssystem, IP-Adresse und Provider gespeichert. Falls in den Websites Inhalte Dritter, bspw. von YouTube, Google-Maps, etc. eingebunden werden, wird ggfs. Ihre IP-Adresse an den Drittanbieter \u00fcbertragen.<\/p>\n<h6>Verwendung von Facebook Social Plugins<\/h6>\n<p>Auf unseren Websites verwenden wir einen PlugIn zum sozialen Netzwerk Facebook. Facebook ist ein Unternehmen der Facebook Inc., 1601 S. California Ave, Palo Alto, CA 94304, USA. Der PlugIn zu Facebook verbirgt sich hinter dem zun\u00e4chst ausgegrauten Button mit dem &#8222;f &#8211; Empfehlen&#8220;-Zeichen. Durch Klick auf diesen Button k\u00f6nnen Sie eine Verbindung zu Facebook aufbauen. Wir m\u00f6chten Sie darauf hinweisen, dass mit dem Klick auf diesen Button, Facebook ggfs. Informationen und pers\u00f6nliche Daten (Ihre IP-Adresse) in Erfahrung bringt und speichert. N\u00e4heres entnehmen Sie bitte den Datenschutzhinweisen von Facebook.<br \/>\nAnders als bei Verwendung der klassischen Facebook-Plugins wird nicht bereits bei Aufruf unserer Websites eine Verbindung zu Facebook aufgebaut, sondern erst wenn Sie mit einem Klick auf den Button das PlugIn aktivieren. Der Button wird farbig. Dann baut Ihr Browser eine direkte Verbindung mit den Servern von Facebook auf. Der Inhalt des Plugins wird von Facebook direkt an Ihren Browser \u00fcbermittelt und von diesem in die Webseite eingebunden. Der Anbieter hat daher keinen Einfluss auf den Umfang der Daten, die Facebook mit Hilfe dieses Plugins erhebt und informiert die Nutzer daher entsprechend seinem Kenntnisstand:<\/p>\n<p>Durch die Einbindung der Plugins erh\u00e4lt Facebook die Information, dass ein Nutzer die entsprechende Seite des Angebots aufgerufen hat. Ist der Nutzer bei Facebook eingeloggt, kann Facebook den Besuch seinem Facebook-Konto zuordnen. Wenn Nutzer mit den Plugins interagieren, zum Beispiel den Like Button bet\u00e4tigen oder einen Kommentar abgeben, wird die entsprechende Information von Ihrem Browser direkt an Facebook \u00fcbermittelt und dort gespeichert. Falls ein Nutzer kein Mitglied von Facebook ist, besteht trotzdem die M\u00f6glichkeit, dass Facebook seine IP-Adresse in Erfahrung bringt und speichert. Laut Facebook wird in Deutschland nur eine anonymisierte IP-Adresse gespeichert.<\/p>\n<p>Zweck und Umfang der Datenerhebung und die weitere Verarbeitung und Nutzung der Daten durch Facebook sowie die diesbez\u00fcglichen Rechte und Einstellungsm\u00f6glichkeiten zum Schutz der Privatsph\u00e4re der Nutzer , k\u00f6nnen diese den Datenschutzhinweisen von Facebook entnehmen:\u00a0<a class=\"external-link\" title=\"Externer Link\" href=\"https:\/\/www.facebook.com\/about\/privacy\/\" target=\"_blank\" rel=\"noopener\">https:\/\/www.facebook.com\/about\/privacy\/<\/a>.<\/p>\n<p>Wenn ein Nutzer Facebookmitglied ist und nicht m\u00f6chte, dass Facebook \u00fcber dieses Angebot Daten \u00fcber ihn sammelt und mit seinen bei Facebook gespeicherten Mitgliedsdaten verkn\u00fcpft, muss er sich vor dem Besuch des Internetauftritts bei Facebook ausloggen.<\/p>\n<p>Ebenfalls ist es m\u00f6glich Facebook-Social-Plugins mit Add-ons f\u00fcr Ihren Browser zu blocken, zum Beispiel mit dem &#8222;Facebook Blocker&#8220;.<\/p>\n<h6>Twitter<\/h6>\n<p>Eingebunden ist auch eine Share-Funktionalit\u00e4t die Internetdienstes Twitter Inc., 795 Folsom St., Suite 600, San Francisco, CA 94107, USA. Sie verbirgt sich hinter dem ausgegrauten Vogelsymbol Tweet.<\/p>\n<p>Wenn Sie die mit Klick auf den Button die Funktionalit\u00e4t aktivieren, baut Ihr Browser eine direkte Verbindung mit den Servern von Twitter auf. Der Anbieter hat daher keinen Einfluss auf den Umfang der Daten, die Twitter mit Hilfe dieses Plugins erhebt und informiert die Nutzer entsprechend seinem Kenntnisstand. Nach diesem wird lediglich die IP-Adresse des Nutzers die URL der jeweiligen Webseite beim Bezug des Buttons mit \u00fcbermittelt, aber nicht f\u00fcr andere Zwecke, als die Darstellung des Buttons, genutzt.<br \/>\nWeitere Informationen hierzu finden sich in der Datenschutzerkl\u00e4rung von Twitter unter\u00a0<a class=\"external-link\" title=\"Externer Link\" href=\"http:\/\/twitter.com\/privacy\" target=\"_blank\" rel=\"noopener\">http:\/\/twitter.com\/privacy<\/a>.<\/p>\n<h6>Newsletter<\/h6>\n<p>Sie haben auf den Websites auch die M\u00f6glichkeit, einen Newsletter zu abonnieren. Dazu ben\u00f6tiget der Anbieter Ihre g\u00fcltige Email-Adresse. Um Sie pers\u00f6nlich ansprechen zu k\u00f6nnen sowie Ihnen regional auf Sie zugeschnittene Informationen zukommen lassen zu k\u00f6nnen, wird auch um Ihren Namen und Ihre Anschrift gebeten. Diese Angaben sind freiwillig. Diese Daten nicht an Dritte weiter gegeben und nur zur Auslieferung des Newsletters sowie zur \u00dcbermittlung aktueller Informationen zur Politik, den Veranstaltungen und den Terminen der CSU und ihrer Arbeitsgemeinschaften und Arbeitskreise verwendet.<br \/>\nIhre Einwilligung zur Speicherung Ihrer Daten sowie zum Bezug des Newsletters k\u00f6nnen Sie jederzeit widerrufen. Der Widerruf kann \u00fcber einen Link in den Newslettern selbst oder per Email an\u00a0<a class=\"mail\" title=\"E-Mail\" href=\"mailto:info@csu-bayern.de\">info@csu-bayern.de<\/a>\u00a0erfolgen.<\/p>\n<h6>Einsatz von Google Analytics<\/h6>\n<p>Diese Website benutzt Google Analytics, ein Webanalysedienst der Google Inc. (&#8222;Google&#8220;). Google Analytics verwendet sog. &#8222;Cookies&#8220;, Textdateien, die auf Ihrem Computer gespeichert werden und die eine Analyse der Benutzung der Website durch Sie erm\u00f6glichen. Die durch den Cookie erzeugten Informationen \u00fcber die Benutzer dieser Website werden in der Regel an einen Server von Google in den USA \u00fcbertragen und dort gespeichert. Im Falle der Aktivierung der IP-Anonymisierung auf dieser Webseite, wird Ihre IP-Adresse von Google jedoch innerhalb der Mitgliedstaaten der Europ\u00e4ischen Union oder in einem anderen Vertragsstaat des Abkommens \u00fcber den Europ\u00e4ischen Wirtschaftsraum zuvor gek\u00fcrzt. Nur in Ausnahmef\u00e4llen wird die volle IP-Adresse an einen Server von Google in den USA \u00fcbertragen und dort gek\u00fcrzt. Google wird in unserem Auftrag diese Informationen benutzen, um Ihre Nutzung der Website auszuwerten, um Reports \u00fcber die Websiteaktivit\u00e4ten zusammenzustellen und um weitere mit der Websitenutzung und der Internetnutzung verbundene Dienstleistung gegen\u00fcber uns zu erbringen. Die im Rahmen von Google Analytics von Ihrem Browser \u00fcbermittelte IP-Adresse wird nicht mit anderen Daten von Google zusammengef\u00fchrt. Sie k\u00f6nnen die Speicherung der Cookies durch eine entsprechende Einstellung Ihrer Browsersoftware verhindern; wir weisen Sie jedoch darauf hin, dass Sie in diesem Fall gegebenenfalls nicht s\u00e4mtliche Funktionen der Website vollumf\u00e4nglich werden nutzen k\u00f6nnen. Sie k\u00f6nnen dar\u00fcber hinaus die Erfassung der durch das Cookie erzeugten und auf Ihre Nutzung der Website bezogenen Daten (inkl. Ihrer IP-Adresse) an Google sowie die Verarbeitung dieser Daten durch Google verhindern, indem sie das unter dem folgenden Link verf\u00fcgbare Browser-Plugin herunterladen und installieren:\u00a0<a class=\"external-link\" title=\"Externer Link\" href=\"http:\/\/tools.google.com\/dlpage\/gaoptout?hl=de\" target=\"_blank\" rel=\"noopener\">http:\/\/tools.google.com\/dlpage\/gaoptout?hl=de<\/a><br \/>\nWir weisen Sie darauf hin, dass diese Website Google Analytics mit der Erweiterung &#8222;_anonymizeIp()&#8220; verwendet und daher IP-Adressen nur gek\u00fcrzt weiter verarbeitet werden. Damit ist sichergestellt, dass ein direkter Personenbezug nicht hergestellt werden kann.<\/p>\n","protected":false},"excerpt":{"rendered":"<p>Datenschutzerkl\u00e4rung Wenn Sie dieses Webangebot nutzen, werden durch den im Impressum genannten verantwortlichen Anbieter personenbezogene Daten erhoben, gespeichert und genutzt. Eventuell werden Sie um die Angabe pers\u00f6nlicher Informationen gebeten. Die Beantwortung dieser Fragen ist freiwillig. Manche Dienste (wie beispielsweise die Erinnerung an oder Ihre Anmeldung f\u00fcr eine Veranstaltung) k\u00f6nnen nur genutzt werden, wenn Sie pers\u00f6nliche &hellip; <\/p>\n<p class=\"link-more\"><a href=\"http:\/\/hammerseezauber.de\/?page_id=62\" class=\"more-link\"><span class=\"screen-reader-text\">\u201eDatenschutz\u201c<\/span> weiterlesen<\/a><\/p>\n","protected":false},"author":1,"featured_media":0,"parent":0,"menu_order":0,"comment_status":"closed","ping_status":"closed","template":"","meta":[],"_links":{"self":[{"href":"http:\/\/hammerseezauber.de\/index.php?rest_route=\/wp\/v2\/pages\/62"}],"collection":[{"href":"http:\/\/hammerseezauber.de\/index.php?rest_route=\/wp\/v2\/pages"}],"about":[{"href":"http:\/\/hammerseezauber.de\/index.php?rest_route=\/wp\/v2\/types\/page"}],"author":[{"embeddable":true,"href":"http:\/\/hammerseezauber.de\/index.php?rest_route=\/wp\/v2\/users\/1"}],"replies":[{"embeddable":true,"href":"http:\/\/hammerseezauber.de\/index.php?rest_route=%2Fwp%2Fv2%2Fcomments&post=62"}],"version-history":[{"count":1,"href":"http:\/\/hammerseezauber.de\/index.php?rest_route=\/wp\/v2\/pages\/62\/revisions"}],"predecessor-version":[{"id":63,"href":"http:\/\/hammerseezauber.de\/index.php?rest_route=\/wp\/v2\/pages\/62\/revisions\/63"}],"wp:attachment":[{"href":"http:\/\/hammerseezauber.de\/index.php?rest_route=%2Fwp%2Fv2%2Fmedia&parent=62"}],"curies":[{"name":"wp","href":"https:\/\/api.w.org\/{rel}","templated":true}]}}